{"id":295,"date":"2022-02-13T13:35:57","date_gmt":"2022-02-13T12:35:57","guid":{"rendered":"https:\/\/www.atelieramsa.com\/blog\/?page_id=295"},"modified":"2022-02-13T13:35:57","modified_gmt":"2022-02-13T12:35:57","slug":"plan-de-site","status":"publish","type":"page","link":"http:\/\/www.atelieramsa.com\/blog\/plan-de-site\/","title":{"rendered":"Plan de site"},"content":{"rendered":"<p style=\"text-align: center;\"><strong><div class=\"wsp-container\"><h2 class=\"wsp-pages-title\">Pages<\/h2>\n<ul class=\"wsp-pages-list\">\n<li class=\"page_item page-item-295\"><a href=\"http:\/\/www.atelieramsa.com\/blog\/plan-de-site\/\">Plan de site<\/a><\/li>\n<\/ul>\n<h2 class=\"wsp-posts-title\">Articles par cat\u00e9gorie<\/h2>\n<ul class=\"wsp-posts-list\">\n\t<li><strong class=\"wsp-category-title\">Category: <a href=\"http:\/\/www.atelieramsa.com\/blog\/assurance\/\">Assurance<\/a><\/strong>\n<ul class=\"wsp-posts-list\">\t\t<li class=\"wsp-post\"><a href=\"http:\/\/www.atelieramsa.com\/blog\/crowdlending\/\">Les D\u00e9fis du Crowdlending en Mati\u00e8re de S\u00e9curit\u00e9 des Donn\u00e9es<\/a><\/li>\n\t\t<li class=\"wsp-post\"><a href=\"http:\/\/www.atelieramsa.com\/blog\/devis-assurance-voyage\/\">\u00c0 quoi sert un devis d&rsquo;assurance voyage ?<\/a><\/li>\n\t\t<li class=\"wsp-post\"><a href=\"http:\/\/www.atelieramsa.com\/blog\/assurance-habitation-collocation-etudiant\/\">Quelle assurance habitation pour collocation d&rsquo;\u00e9tudiant choisir ?<\/a><\/li>\n\t\t<li class=\"wsp-post\"><a href=\"http:\/\/www.atelieramsa.com\/blog\/assurance-trottinette-electrique-pas-chere\/\">Choisissez l&rsquo;assurance trottinette \u00e9lectrique la moins ch\u00e8re du march\u00e9<\/a><\/li>\n<\/ul><\/li>\n\t<li><strong class=\"wsp-category-title\">Category: <a href=\"http:\/\/www.atelieramsa.com\/blog\/banque\/\">Banque<\/a><\/strong>\n<ul class=\"wsp-posts-list\">\t\t<li class=\"wsp-post\"><a href=\"http:\/\/www.atelieramsa.com\/blog\/delais-remboursement-fraudes-bancaires\/\">D\u00e9lais de remboursement des fraudes bancaires : ce que dit la loi<\/a><\/li>\n\t\t<li class=\"wsp-post\"><a href=\"http:\/\/www.atelieramsa.com\/blog\/credit-conso-rapide-sans-justificatif\/\">Comment fonctionne le cr\u00e9dit conso rapide sans justificatif ?<\/a><\/li>\n\t\t<li class=\"wsp-post\"><a href=\"http:\/\/www.atelieramsa.com\/blog\/meilleure-banque-en-ligne-proffesion-liberale\/\">Quelle est la meilleure banque en ligne pour une profession lib\u00e9rale ?<\/a><\/li>\n<\/ul><\/li>\n\t<li><strong class=\"wsp-category-title\">Category: <a href=\"http:\/\/www.atelieramsa.com\/blog\/coiffure-beaute\/\">Beaut\u00e9<\/a><\/strong>\n<ul class=\"wsp-posts-list\">\t\t<li class=\"wsp-post\"><a href=\"http:\/\/www.atelieramsa.com\/blog\/lepilateur-a-lumiere-pulsee\/\">Pourquoi choisir l\u2019\u00e9pilateur \u00e0 lumi\u00e8re puls\u00e9e\u2009?<\/a><\/li>\n\t\t<li class=\"wsp-post\"><a href=\"http:\/\/www.atelieramsa.com\/blog\/bandeau-cheveux\/\">Comment mettre un bandeau headband cheveux ?<\/a><\/li>\n\t\t<li class=\"wsp-post\"><a href=\"http:\/\/www.atelieramsa.com\/blog\/mettre-serre-tete\/\">Comment porter serre t\u00eate cheveux courts ?<\/a><\/li>\n<\/ul><\/li>\n\t<li><strong class=\"wsp-category-title\">Category: <a href=\"http:\/\/www.atelieramsa.com\/blog\/business\/\">Business<\/a><\/strong>\n<ul class=\"wsp-posts-list\">\t\t<li class=\"wsp-post\"><a href=\"http:\/\/www.atelieramsa.com\/blog\/entrepreneuriat-digital-afrique\/\">Entrepreneuriat digital en Afrique : moteur d&rsquo;innovation<\/a><\/li>\n\t\t<li class=\"wsp-post\"><a href=\"http:\/\/www.atelieramsa.com\/blog\/partenariat-commercial-turquie-senegal\/\">Partenariat Commercial Turquie \u2013 S\u00e9n\u00e9gal : Nouveaux Accords et R\u00f4le de CargoPlan<\/a><\/li>\n\t\t<li class=\"wsp-post\"><a href=\"http:\/\/www.atelieramsa.com\/blog\/ameliorer-collaboration-entreprise-team-building\/\">Comment am\u00e9liorer la collaboration en entreprise gr\u00e2ce au Team Building?<\/a><\/li>\n\t\t<li class=\"wsp-post\"><a href=\"http:\/\/www.atelieramsa.com\/blog\/envois-professionnels\/\">Conseils pratiques pour r\u00e9ussir vos envois professionnels<\/a><\/li>\n\t\t<li class=\"wsp-post\"><a href=\"http:\/\/www.atelieramsa.com\/blog\/location-materiel-horeca-belgique\/\">Location de Mat\u00e9riel Horeca en Belgique : Une Solution Pratique pour \u00c9quiper Votre \u00c9tablissement<\/a><\/li>\n\t\t<li class=\"wsp-post\"><a href=\"http:\/\/www.atelieramsa.com\/blog\/interim-pologne\/\">Comprendre les avantages de l&#8217;embauche de travailleurs int\u00e9rimaires en Pologne: une \u00e9tude de cas<\/a><\/li>\n\t\t<li class=\"wsp-post\"><a href=\"http:\/\/www.atelieramsa.com\/blog\/cours-power-bi\/\">Comment, pourquoi apprendre, prendre des cours de Power BI ?<\/a><\/li>\n\t\t<li class=\"wsp-post\"><a href=\"http:\/\/www.atelieramsa.com\/blog\/actualite-nft\/\">D\u00e9couvrez l&rsquo;actualit\u00e9 de la NFT !<\/a><\/li>\n\t\t<li class=\"wsp-post\"><a href=\"http:\/\/www.atelieramsa.com\/blog\/avantages-portage-salarial\/\">Quels sont les avantages du portage salarial ?<\/a><\/li>\n\t\t<li class=\"wsp-post\"><a href=\"http:\/\/www.atelieramsa.com\/blog\/analyse-fondamentale-trading\/\">Pourquoi faut-il faire une analyse fondamentale en trading ?<\/a><\/li>\n<\/ul><\/li>\n\t<li><strong class=\"wsp-category-title\">Category: <a href=\"http:\/\/www.atelieramsa.com\/blog\/decoration\/\">D\u00e9coration<\/a><\/strong>\n<ul class=\"wsp-posts-list\">\t\t<li class=\"wsp-post\"><a href=\"http:\/\/www.atelieramsa.com\/blog\/oakywood\/\">Cr\u00e9ez un bureau de No\u00ebl avec Oakywood<\/a><\/li>\n\t\t<li class=\"wsp-post\"><a href=\"http:\/\/www.atelieramsa.com\/blog\/decoration-anniversaire-dinosaure-a-imprimer\/\">Nos conseils pour une d\u00e9co d&rsquo;anniversaire dinosaure \u00e0 imprimer pas cher<\/a><\/li>\n\t\t<li class=\"wsp-post\"><a href=\"http:\/\/www.atelieramsa.com\/blog\/facade-boutique-bois\/\">Toutes les \u00e9tapes d&rsquo;installation d&rsquo;un bardage en bois !<\/a><\/li>\n\t\t<li class=\"wsp-post\"><a href=\"http:\/\/www.atelieramsa.com\/blog\/guirlande-guinguette\/\">O\u00f9 trouver guirlande lumineuse guiguette pour tonnelle ext\u00e9rieure ?<\/a><\/li>\n\t\t<li class=\"wsp-post\"><a href=\"http:\/\/www.atelieramsa.com\/blog\/fauteuil-chaise-rotin\/\">O\u00f9 acheter un fauteuil ou chaise de bureau en rotin ?<\/a><\/li>\n\t\t<li class=\"wsp-post\"><a href=\"http:\/\/www.atelieramsa.com\/blog\/decoration-bois\/\">O\u00f9 acheter des objets et meubles en bois massif ?<\/a><\/li>\n<\/ul><\/li>\n\t<li><strong class=\"wsp-category-title\">Category: <a href=\"http:\/\/www.atelieramsa.com\/blog\/enfant\/\">Enfant<\/a><\/strong>\n<ul class=\"wsp-posts-list\">\t\t<li class=\"wsp-post\"><a href=\"http:\/\/www.atelieramsa.com\/blog\/porte-bebe-hanche\/\">Quel porte-b\u00e9b\u00e9 hanche choisir ?<\/a><\/li>\n<\/ul><\/li>\n\t<li><strong class=\"wsp-category-title\">Category: <a href=\"http:\/\/www.atelieramsa.com\/blog\/idee-cadeau\/\">Id\u00e9e cadeau<\/a><\/strong>\n<ul class=\"wsp-posts-list\">\t\t<li class=\"wsp-post\"><a href=\"http:\/\/www.atelieramsa.com\/blog\/cadeau-original-mariage\/\">Des id\u00e9es cadeaux originales et personnalis\u00e9es \u00e0 offrir \u00e0 des jeunes mari\u00e9s<\/a><\/li>\n\t\t<li class=\"wsp-post\"><a href=\"http:\/\/www.atelieramsa.com\/blog\/bijou-guerir-coeur\/\">Comment un Bijou Peut Gu\u00e9rir le C\u0153ur?<\/a><\/li>\n\t\t<li class=\"wsp-post\"><a href=\"http:\/\/www.atelieramsa.com\/blog\/cadre-photo-personnalise-grave\/\">Cadre photo grav\u00e9, une excellente id\u00e9e de cadeau personnalis\u00e9 !<\/a><\/li>\n\t\t<li class=\"wsp-post\"><a href=\"http:\/\/www.atelieramsa.com\/blog\/petit-cadeau-moins-10-euros\/\">Petit cadeau femme pas cher moins de 10 euros<\/a><\/li>\n\t\t<li class=\"wsp-post\"><a href=\"http:\/\/www.atelieramsa.com\/blog\/cadeau-pas-cher-personnalise-femme\/\">Quel cadeau pour femme pas cher et personnalis\u00e9 ?<\/a><\/li>\n\t\t<li class=\"wsp-post\"><a href=\"http:\/\/www.atelieramsa.com\/blog\/sac-personnalise\/\">O\u00f9 acheter cabas tissu personnalis\u00e9, cadeau pas cher ?<\/a><\/li>\n\t\t<li class=\"wsp-post\"><a href=\"http:\/\/www.atelieramsa.com\/blog\/cadeau-personnalise\/\">Cadeau personnalis\u00e9 avec gravure, photos, pr\u00e9nom, animaux ou date<\/a><\/li>\n\t\t<li class=\"wsp-post\"><a href=\"http:\/\/www.atelieramsa.com\/blog\/cadeau-personnalise-mariage\/\">O\u00f9 trouver cadeaux personnalis\u00e9s mariage pour invit\u00e9s ?<\/a><\/li>\n\t\t<li class=\"wsp-post\"><a href=\"http:\/\/www.atelieramsa.com\/blog\/cadeau-original-personnalise\/\">Cadeau original personnalis\u00e9 pas cher livraison rapide<\/a><\/li>\n\t\t<li class=\"wsp-post\"><a href=\"http:\/\/www.atelieramsa.com\/blog\/bijoux-personnalise\/\">O\u00f9 acheter un collier bijoux grav\u00e9 avec pr\u00e9nom personnalis\u00e9 ?<\/a><\/li>\n<\/ul><\/li>\n\t<li><strong class=\"wsp-category-title\">Category: <a href=\"http:\/\/www.atelieramsa.com\/blog\/immobilier\/\">Immobilier<\/a><\/strong>\n<ul class=\"wsp-posts-list\">\t\t<li class=\"wsp-post\"><a href=\"http:\/\/www.atelieramsa.com\/blog\/gestion-location-saisonniere\/\">Pourquoi faire appel \u00e0 une agence pour la gestion de la location saisonni\u00e8re ?<\/a><\/li>\n\t\t<li class=\"wsp-post\"><a href=\"http:\/\/www.atelieramsa.com\/blog\/regle-renovation-copropriete-paris\/\">R\u00e8gles de r\u00e9novation en copropri\u00e9t\u00e9 \u00e0 Paris<\/a><\/li>\n<\/ul><\/li>\n\t<li><strong class=\"wsp-category-title\">Category: <a href=\"http:\/\/www.atelieramsa.com\/blog\/jeux-argent\/\">Jeux d&#039;argent<\/a><\/strong>\n<ul class=\"wsp-posts-list\">\t\t<li class=\"wsp-post\"><a href=\"http:\/\/www.atelieramsa.com\/blog\/casinozer-retrait\/\">Quels sont les moyens de retrait sur Casinozer ?<\/a><\/li>\n<\/ul><\/li>\n\t<li><strong class=\"wsp-category-title\">Category: <a href=\"http:\/\/www.atelieramsa.com\/blog\/lifestyle\/\">Lifestyle<\/a><\/strong>\n<ul class=\"wsp-posts-list\">\t\t<li class=\"wsp-post\"><a href=\"http:\/\/www.atelieramsa.com\/blog\/prix-abonnement-gaz\/\">Trouver le meilleur abonnement de gaz au meilleur prix<\/a><\/li>\n\t\t<li class=\"wsp-post\"><a href=\"http:\/\/www.atelieramsa.com\/blog\/fabrication-bougie-cire-vegetale\/\">Apprenez \u00e0 fabriquer des bougies \u00e0 base de cire v\u00e9g\u00e9tale<\/a><\/li>\n\t\t<li class=\"wsp-post\"><a href=\"http:\/\/www.atelieramsa.com\/blog\/cave-a-vin-investissement\/\">Comment r\u00e9ussir un placement dans une cave \u00e0 vin ?<\/a><\/li>\n\t\t<li class=\"wsp-post\"><a href=\"http:\/\/www.atelieramsa.com\/blog\/apprendre-a-brasser-sa-biere\/\">D\u00e9couvrez nos conseils pour apprendre \u00e0 brasser sa bi\u00e8re<\/a><\/li>\n<\/ul><\/li>\n\t<li><strong class=\"wsp-category-title\">Category: <a href=\"http:\/\/www.atelieramsa.com\/blog\/maison-travaux\/\">Maison travaux<\/a><\/strong>\n<ul class=\"wsp-posts-list\">\t\t<li class=\"wsp-post\"><a href=\"http:\/\/www.atelieramsa.com\/blog\/choisir-specialiste-installation-climatisation\/\">Quels crit\u00e8res prioriser pour choisir un sp\u00e9cialiste en installation de climatisation\u2009?<\/a><\/li>\n\t\t<li class=\"wsp-post\"><a href=\"http:\/\/www.atelieramsa.com\/blog\/avantages-configurateur-fenetres-en-ligne\/\">Les avantages d\u2019utiliser un configurateur de fen\u00eatres en ligne<\/a><\/li>\n\t\t<li class=\"wsp-post\"><a href=\"http:\/\/www.atelieramsa.com\/blog\/peindre-volets-maison\/\">Comment peindre les volets de sa maison ?<\/a><\/li>\n\t\t<li class=\"wsp-post\"><a href=\"http:\/\/www.atelieramsa.com\/blog\/utilisations-mousse\/\">Quelles sont les utilisations de la mousse ?<\/a><\/li>\n\t\t<li class=\"wsp-post\"><a href=\"http:\/\/www.atelieramsa.com\/blog\/machine-a-decouper-laser\/\">Machine de d\u00e9coupe laser : les avantages incontestables d\u2019en faire usage\u00a0<\/a><\/li>\n\t\t<li class=\"wsp-post\"><a href=\"http:\/\/www.atelieramsa.com\/blog\/materiaux-gouttiere\/\">Guide complet sur les mat\u00e9riaux de goutti\u00e8re<\/a><\/li>\n\t\t<li class=\"wsp-post\"><a href=\"http:\/\/www.atelieramsa.com\/blog\/choisir-matelas-clic-clac\/\">Comment choisir son matelas de clic-clac ?<\/a><\/li>\n\t\t<li class=\"wsp-post\"><a href=\"http:\/\/www.atelieramsa.com\/blog\/poele-granules-11kw\/\">Combien co\u00fbte un po\u00eale \u00e0 granul\u00e9s 11 kW ?<\/a><\/li>\n\t\t<li class=\"wsp-post\"><a href=\"http:\/\/www.atelieramsa.com\/blog\/verriere-sur-mesure\/\">Quel prix pour concevoir sa verri\u00e8re sur mesure en ligne ?<\/a><\/li>\n\t\t<li class=\"wsp-post\"><a href=\"http:\/\/www.atelieramsa.com\/blog\/plombier-lausanne-nyon\/\">O\u00f9 trouver le tarif d&rsquo;un plombier \u00e0 Lausanne et Nyon ?<\/a><\/li>\n\t\t<li class=\"wsp-post\"><a href=\"http:\/\/www.atelieramsa.com\/blog\/rayonnage\/\">O\u00f9 acheter des \u00e9tag\u00e8res de rayonnage pour charges lourdes ?<\/a><\/li>\n\t\t<li class=\"wsp-post\"><a href=\"http:\/\/www.atelieramsa.com\/blog\/trouver-avis-injecteur-exctracteur\/\">Comment trouver des avis sur un injecteur extracteur ?<\/a><\/li>\n\t\t<li class=\"wsp-post\"><a href=\"http:\/\/www.atelieramsa.com\/blog\/plombier-urgence-argenteuil\/\">Pourquoi appeler un plombier en urgence \u00e0 Argenteuil ?<\/a><\/li>\n\t\t<li class=\"wsp-post\"><a href=\"http:\/\/www.atelieramsa.com\/blog\/comment-trouver-mini-aspirateur-dyson\/\">D\u00e9couvrez notre guide pour choisir votre mini aspirateur Dyson<\/a><\/li>\n<\/ul><\/li>\n\t<li><strong class=\"wsp-category-title\">Category: <a href=\"http:\/\/www.atelieramsa.com\/blog\/conseil-de-mode\/\">Mode<\/a><\/strong>\n<ul class=\"wsp-posts-list\">\t\t<li class=\"wsp-post\"><a href=\"http:\/\/www.atelieramsa.com\/blog\/etiquettes-vetements\/\">O\u00f9 trouver des \u00e9tiquettes v\u00eatements personnalis\u00e9es ? marquage de linge<\/a><\/li>\n\t\t<li class=\"wsp-post\"><a href=\"http:\/\/www.atelieramsa.com\/blog\/ceinture-tresse-cuir\/\">Comment se porte une ceinture pour un homme ?<\/a><\/li>\n\t\t<li class=\"wsp-post\"><a href=\"http:\/\/www.atelieramsa.com\/blog\/choisir-boucles-oreilles\/\">Quelles boucles d&rsquo;oreilles choisir selon forme son visage ?<\/a><\/li>\n\t\t<li class=\"wsp-post\"><a href=\"http:\/\/www.atelieramsa.com\/blog\/nouer-foulard\/\">Comment nouer un foulard autour du cou, cheveux ?<\/a><\/li>\n<\/ul><\/li>\n\t<li><strong class=\"wsp-category-title\">Category: <a href=\"http:\/\/www.atelieramsa.com\/blog\/sante\/\">Sant\u00e9<\/a><\/strong>\n<ul class=\"wsp-posts-list\">\t\t<li class=\"wsp-post\"><a href=\"http:\/\/www.atelieramsa.com\/blog\/risques-cbd\/\">Y a-t-il des risques \u00e0 consommer du CBD ?<\/a><\/li>\n\t\t<li class=\"wsp-post\"><a href=\"http:\/\/www.atelieramsa.com\/blog\/grossiste-cbd-italie\/\">Grossiste de CBD en Italie : comment choisir le meilleur ?<\/a><\/li>\n\t\t<li class=\"wsp-post\"><a href=\"http:\/\/www.atelieramsa.com\/blog\/pharmacie-algrange\/\">Quelle est l&rsquo;adresse de la pharmacie Algrange ?<\/a><\/li>\n\t\t<li class=\"wsp-post\"><a href=\"http:\/\/www.atelieramsa.com\/blog\/fumer-cbd-dormir\/\">Pourquoi fumer du CBD pour dormir est ill\u00e9gal ?<\/a><\/li>\n\t\t<li class=\"wsp-post\"><a href=\"http:\/\/www.atelieramsa.com\/blog\/trouver-e-liquide-qui-ressemble-au-marlboro\/\">Comment trouver l&rsquo;e-liquide qui ressemble le plus au Marlboro ?<\/a><\/li>\n<\/ul><\/li>\n\t<li><strong class=\"wsp-category-title\">Category: <a href=\"http:\/\/www.atelieramsa.com\/blog\/shopping-consommation\/\">Shopping consommation<\/a><\/strong>\n<ul class=\"wsp-posts-list\">\t\t<li class=\"wsp-post\"><a href=\"http:\/\/www.atelieramsa.com\/blog\/concentres-fruits-spiritueux\/\">Comment les concentr\u00e9s de fruits red\u00e9finissent l\u2019art des spiritueux<\/a><\/li>\n\t\t<li class=\"wsp-post\"><a href=\"http:\/\/www.atelieramsa.com\/blog\/bracelet-photo-personnalise\/\">Comment choisir la photo parfaite pour votre bracelet personnalis\u00e9 ?<\/a><\/li>\n\t\t<li class=\"wsp-post\"><a href=\"http:\/\/www.atelieramsa.com\/blog\/etiquette-americaine\/\">Comment, pourquoi faire une Etiquette am\u00e9ricaine personnalis\u00e9e ?<\/a><\/li>\n\t\t<li class=\"wsp-post\"><a href=\"http:\/\/www.atelieramsa.com\/blog\/comparateur-forfait-mobile-5g\/\">Quelle est la meilleure offre 5G en France ?<\/a><\/li>\n\t\t<li class=\"wsp-post\"><a href=\"http:\/\/www.atelieramsa.com\/blog\/demenageur-fiable\/\">Comment savoir si un d\u00e9m\u00e9nageur est fiable s\u00e9rieux ?<\/a><\/li>\n\t\t<li class=\"wsp-post\"><a href=\"http:\/\/www.atelieramsa.com\/blog\/porte-bouteille\/\">O\u00f9 comment ranger les bouteilles de vin sur un porte bouteille ?<\/a><\/li>\n\t\t<li class=\"wsp-post\"><a href=\"http:\/\/www.atelieramsa.com\/blog\/vaisselle-professionnelle\/\">Quelle vaisselle professionnelle, fournisseur restauration personnalis\u00e9e ?<\/a><\/li>\n<\/ul><\/li>\n\t<li><strong class=\"wsp-category-title\">Category: <a href=\"http:\/\/www.atelieramsa.com\/blog\/sports\/\">Sports<\/a><\/strong>\n<ul class=\"wsp-posts-list\">\t\t<li class=\"wsp-post\"><a href=\"http:\/\/www.atelieramsa.com\/blog\/avis-pronostic-tennis\/\">Comment savoir si les pronostics de tennis sont fiables ?<\/a><\/li>\n<\/ul><\/li>\n\t<li><strong class=\"wsp-category-title\">Category: <a href=\"http:\/\/www.atelieramsa.com\/blog\/technologies\/\">Technologies<\/a><\/strong>\n<ul class=\"wsp-posts-list\">\t\t<li class=\"wsp-post\"><a href=\"http:\/\/www.atelieramsa.com\/blog\/coque-iphone-resitante\/\">O\u00f9 trouver une coque iPhone r\u00e9sistante militaire, anti espion?<\/a><\/li>\n\t\t<li class=\"wsp-post\"><a href=\"http:\/\/www.atelieramsa.com\/blog\/support-de-stockage-a-inserer-dans-smartphone\/\">Quel type de support de stockage ins\u00e9rer dans son smartphone ?<\/a><\/li>\n<\/ul><\/li>\n\t<li><strong class=\"wsp-category-title\">Category: <a href=\"http:\/\/www.atelieramsa.com\/blog\/transport\/\">Transport<\/a><\/strong>\n<ul class=\"wsp-posts-list\">\t\t<li class=\"wsp-post\"><a href=\"http:\/\/www.atelieramsa.com\/blog\/bateau-voilier-occasion\/\">Tout savoir avant d&rsquo;acheter un bateau voilier d&rsquo;occasion<\/a><\/li>\n\t\t<li class=\"wsp-post\"><a href=\"http:\/\/www.atelieramsa.com\/blog\/location-vehicule-utilitaire\/\">Quels crit\u00e8res regarder pour une location de v\u00e9hicule utilitaire ?<\/a><\/li>\n\t\t<li class=\"wsp-post\"><a href=\"http:\/\/www.atelieramsa.com\/blog\/pieces-detachees-renault-dacia\/\">Comment choisir les pi\u00e8ces d\u00e9tach\u00e9es ad\u00e9quates pour votre Renault ou Dacia<\/a><\/li>\n\t\t<li class=\"wsp-post\"><a href=\"http:\/\/www.atelieramsa.com\/blog\/climatisation-automobile\/\">Recharge de la climatisation automobile<\/a><\/li>\n\t\t<li class=\"wsp-post\"><a href=\"http:\/\/www.atelieramsa.com\/blog\/reprise-voiture-achat-occasion\/\">D\u00e9couvrez comment faire une reprise de voiture pour un achat d&rsquo;occasion<\/a><\/li>\n<\/ul><\/li>\n\t<li><strong class=\"wsp-category-title\">Category: <a href=\"http:\/\/www.atelieramsa.com\/blog\/voyage\/\">Voyage<\/a><\/strong>\n<ul class=\"wsp-posts-list\">\t\t<li class=\"wsp-post\"><a href=\"http:\/\/www.atelieramsa.com\/blog\/sejour-meditation\/\">O\u00f9 faire un s\u00e9jour m\u00e9diation, bien \u00eatre, yoga, retraite ou voyage zen ?<\/a><\/li>\n\t\t<li class=\"wsp-post\"><a href=\"http:\/\/www.atelieramsa.com\/blog\/safari-tanzanie\/\">Safari en Tanzanie : quels endroits choisir et comment l&rsquo;organiser ?<\/a><\/li>\n\t\t<li class=\"wsp-post\"><a href=\"http:\/\/www.atelieramsa.com\/blog\/commerce-arabie-saoudite\/\">L\u2019\u00e9volution des pratiques commerciales en Arabie Saoudite<\/a><\/li>\n\t\t<li class=\"wsp-post\"><a href=\"http:\/\/www.atelieramsa.com\/blog\/assurance-annulation-voyage-carte-gold\/\">Quelles sont les garanties d&rsquo;assurance annulation voyage carte Gold ?<\/a><\/li>\n<\/ul><\/li>\n\t<li><strong class=\"wsp-category-title\">Category: <a href=\"http:\/\/www.atelieramsa.com\/blog\/voyance\/\">Voyance<\/a><\/strong>\n<ul class=\"wsp-posts-list\">\t\t<li class=\"wsp-post\"><a href=\"http:\/\/www.atelieramsa.com\/blog\/voyance-gratuite-en-ligne\/\">Besoin d&rsquo;une s\u00e9ance de voyance gratuite en ligne ? Medium Consultation vous guide 24h\/24 !<\/a><\/li>\n\t\t<li class=\"wsp-post\"><a href=\"http:\/\/www.atelieramsa.com\/blog\/tarot-amour-celibataire\/\">D\u00e9couvrez le tarot amour c\u00e9libataire : votre guide pour lire votre avenir sentimental<\/a><\/li>\n\t\t<li class=\"wsp-post\"><a href=\"http:\/\/www.atelieramsa.com\/blog\/voyance-prix-discount\/\">Voyance \u00e0 prix discount : rendre cet art divinatoire accessible \u00e0 tous !<\/a><\/li>\n\t\t<li class=\"wsp-post\"><a href=\"http:\/\/www.atelieramsa.com\/blog\/pendule-divinatoire\/\">Pendule divinatoire : comment le choisir et l&rsquo;utiliser ?<\/a><\/li>\n<\/ul><\/li>\n<\/ul>\n<\/div><\/strong><\/p>\n","protected":false},"excerpt":{"rendered":"","protected":false},"author":2,"featured_media":0,"parent":0,"menu_order":0,"comment_status":"closed","ping_status":"closed","template":"","meta":[],"yoast_head":"<!-- This site is optimized with the Yoast SEO plugin v18.1 - https:\/\/yoast.com\/wordpress\/plugins\/seo\/ -->\n<title>Plan de site - Atelier d&#039;Amsa :Webzine actualit\u00e9, informations et tendance du web<\/title>\n<meta name=\"robots\" content=\"index, follow, max-snippet:-1, max-image-preview:large, max-video-preview:-1\" \/>\n<link rel=\"canonical\" href=\"http:\/\/www.atelieramsa.com\/blog\/plan-de-site\/\" \/>\n<meta property=\"og:locale\" content=\"fr_FR\" \/>\n<meta property=\"og:type\" content=\"article\" \/>\n<meta property=\"og:title\" content=\"Plan de site - Atelier d&#039;Amsa :Webzine actualit\u00e9, informations et tendance du web\" \/>\n<meta property=\"og:url\" content=\"http:\/\/www.atelieramsa.com\/blog\/plan-de-site\/\" \/>\n<meta property=\"og:site_name\" content=\"Atelier d&#039;Amsa :Webzine actualit\u00e9, informations et tendance du web\" \/>\n<meta name=\"twitter:label1\" content=\"Dur\u00e9e de lecture estim\u00e9e\" \/>\n\t<meta name=\"twitter:data1\" content=\"1 minute\" \/>\n<script type=\"application\/ld+json\" class=\"yoast-schema-graph\">{\"@context\":\"https:\/\/schema.org\",\"@graph\":[{\"@type\":\"WebSite\",\"@id\":\"http:\/\/www.atelieramsa.com\/blog\/#website\",\"url\":\"http:\/\/www.atelieramsa.com\/blog\/\",\"name\":\"Atelier d&#039;Amsa :Webzine actualit\u00e9, informations et tendance du web\",\"description\":\"Blog consommation, actualit\u00e9, lifestyle, d\u00e9coration, loisir et shopping en ligne\",\"potentialAction\":[{\"@type\":\"SearchAction\",\"target\":{\"@type\":\"EntryPoint\",\"urlTemplate\":\"http:\/\/www.atelieramsa.com\/blog\/?s={search_term_string}\"},\"query-input\":\"required name=search_term_string\"}],\"inLanguage\":\"fr-FR\"},{\"@type\":\"WebPage\",\"@id\":\"http:\/\/www.atelieramsa.com\/blog\/plan-de-site\/#webpage\",\"url\":\"http:\/\/www.atelieramsa.com\/blog\/plan-de-site\/\",\"name\":\"Plan de site - Atelier d&#039;Amsa :Webzine actualit\u00e9, informations et tendance du web\",\"isPartOf\":{\"@id\":\"http:\/\/www.atelieramsa.com\/blog\/#website\"},\"datePublished\":\"2022-02-13T12:35:57+00:00\",\"dateModified\":\"2022-02-13T12:35:57+00:00\",\"breadcrumb\":{\"@id\":\"http:\/\/www.atelieramsa.com\/blog\/plan-de-site\/#breadcrumb\"},\"inLanguage\":\"fr-FR\",\"potentialAction\":[{\"@type\":\"ReadAction\",\"target\":[\"http:\/\/www.atelieramsa.com\/blog\/plan-de-site\/\"]}]},{\"@type\":\"BreadcrumbList\",\"@id\":\"http:\/\/www.atelieramsa.com\/blog\/plan-de-site\/#breadcrumb\",\"itemListElement\":[{\"@type\":\"ListItem\",\"position\":1,\"name\":\"Plan de site\"}]}]}<\/script>\n<!-- \/ Yoast SEO plugin. -->","yoast_head_json":{"title":"Plan de site - Atelier d&#039;Amsa :Webzine actualit\u00e9, informations et tendance du web","robots":{"index":"index","follow":"follow","max-snippet":"max-snippet:-1","max-image-preview":"max-image-preview:large","max-video-preview":"max-video-preview:-1"},"canonical":"http:\/\/www.atelieramsa.com\/blog\/plan-de-site\/","og_locale":"fr_FR","og_type":"article","og_title":"Plan de site - Atelier d&#039;Amsa :Webzine actualit\u00e9, informations et tendance du web","og_url":"http:\/\/www.atelieramsa.com\/blog\/plan-de-site\/","og_site_name":"Atelier d&#039;Amsa :Webzine actualit\u00e9, informations et tendance du web","twitter_misc":{"Dur\u00e9e de lecture estim\u00e9e":"1 minute"},"schema":{"@context":"https:\/\/schema.org","@graph":[{"@type":"WebSite","@id":"http:\/\/www.atelieramsa.com\/blog\/#website","url":"http:\/\/www.atelieramsa.com\/blog\/","name":"Atelier d&#039;Amsa :Webzine actualit\u00e9, informations et tendance du web","description":"Blog consommation, actualit\u00e9, lifestyle, d\u00e9coration, loisir et shopping en ligne","potentialAction":[{"@type":"SearchAction","target":{"@type":"EntryPoint","urlTemplate":"http:\/\/www.atelieramsa.com\/blog\/?s={search_term_string}"},"query-input":"required name=search_term_string"}],"inLanguage":"fr-FR"},{"@type":"WebPage","@id":"http:\/\/www.atelieramsa.com\/blog\/plan-de-site\/#webpage","url":"http:\/\/www.atelieramsa.com\/blog\/plan-de-site\/","name":"Plan de site - Atelier d&#039;Amsa :Webzine actualit\u00e9, informations et tendance du web","isPartOf":{"@id":"http:\/\/www.atelieramsa.com\/blog\/#website"},"datePublished":"2022-02-13T12:35:57+00:00","dateModified":"2022-02-13T12:35:57+00:00","breadcrumb":{"@id":"http:\/\/www.atelieramsa.com\/blog\/plan-de-site\/#breadcrumb"},"inLanguage":"fr-FR","potentialAction":[{"@type":"ReadAction","target":["http:\/\/www.atelieramsa.com\/blog\/plan-de-site\/"]}]},{"@type":"BreadcrumbList","@id":"http:\/\/www.atelieramsa.com\/blog\/plan-de-site\/#breadcrumb","itemListElement":[{"@type":"ListItem","position":1,"name":"Plan de site"}]}]}},"_links":{"self":[{"href":"http:\/\/www.atelieramsa.com\/blog\/wp-json\/wp\/v2\/pages\/295"}],"collection":[{"href":"http:\/\/www.atelieramsa.com\/blog\/wp-json\/wp\/v2\/pages"}],"about":[{"href":"http:\/\/www.atelieramsa.com\/blog\/wp-json\/wp\/v2\/types\/page"}],"author":[{"embeddable":true,"href":"http:\/\/www.atelieramsa.com\/blog\/wp-json\/wp\/v2\/users\/2"}],"replies":[{"embeddable":true,"href":"http:\/\/www.atelieramsa.com\/blog\/wp-json\/wp\/v2\/comments?post=295"}],"version-history":[{"count":1,"href":"http:\/\/www.atelieramsa.com\/blog\/wp-json\/wp\/v2\/pages\/295\/revisions"}],"predecessor-version":[{"id":296,"href":"http:\/\/www.atelieramsa.com\/blog\/wp-json\/wp\/v2\/pages\/295\/revisions\/296"}],"wp:attachment":[{"href":"http:\/\/www.atelieramsa.com\/blog\/wp-json\/wp\/v2\/media?parent=295"}],"curies":[{"name":"wp","href":"https:\/\/api.w.org\/{rel}","templated":true}]}}